{"id":2175,"date":"2021-11-26T07:24:49","date_gmt":"2021-11-26T07:24:49","guid":{"rendered":"https:\/\/hotelschoenegg.at\/impressum\/"},"modified":"2026-01-31T14:26:30","modified_gmt":"2026-01-31T14:26:30","slug":"impressum","status":"publish","type":"page","link":"https:\/\/hotelschoenegg.at\/it\/impressum\/","title":{"rendered":"Impressum"},"content":{"rendered":"\t\t<div data-elementor-type=\"wp-page\" data-elementor-id=\"2175\" class=\"elementor elementor-2175 elementor-564\" data-elementor-post-type=\"page\">\n\t\t\t\t\t\t<section class=\"elementor-section elementor-top-section elementor-element elementor-element-df1084b elementor-section-boxed elementor-section-height-default elementor-section-height-default\" data-id=\"df1084b\" data-element_type=\"section\" data-e-type=\"section\">\n\t\t\t\t\t\t<div class=\"elementor-container elementor-column-gap-default\">\n\t\t\t\t\t<div class=\"elementor-column elementor-col-100 elementor-top-column elementor-element elementor-element-012a3b7\" data-id=\"012a3b7\" data-element_type=\"column\" data-e-type=\"column\">\n\t\t\t<div class=\"elementor-widget-wrap elementor-element-populated\">\n\t\t\t\t\t\t<div class=\"elementor-element elementor-element-107d282 elementor-widget elementor-widget-heading\" data-id=\"107d282\" data-element_type=\"widget\" data-e-type=\"widget\" data-widget_type=\"heading.default\">\n\t\t\t\t<div class=\"elementor-widget-container\">\n\t\t\t\t\t<h2 class=\"elementor-heading-title elementor-size-default\">Impressum &amp; Offenlegung<\/h2>\t\t\t\t<\/div>\n\t\t\t\t<\/div>\n\t\t\t\t<div class=\"elementor-element elementor-element-2d36792 elementor-widget elementor-widget-text-editor\" data-id=\"2d36792\" data-element_type=\"widget\" data-e-type=\"widget\" data-widget_type=\"text-editor.default\">\n\t\t\t\t<div class=\"elementor-widget-container\">\n\t\t\t\t\t\t\t\t\t<p><strong>Inhaber &amp; Betreiber der Webseite<br \/>\n<\/strong>Hotel Sch\u00f6negg<br \/>Familie Schwenniger<br \/>Speckbacherstrasse 174<br \/>6100 Seefeld in Tirol<\/p>\n<p>Tel.: +43 0 5212 2375<br \/>Email:\u00a0<a href=\"mailto:info@hotelschoenegg.at\">info@hotelschoenegg.at<\/a><\/p>\n<p>Gesch\u00e4ftsleitung:\u00a0Martin Schwenniger<br \/>UID: ATU50615106<\/p>\n<p><strong>Design, Programmierung &amp; Hosting:<\/strong><\/p>\n<p>Huber Web Media GmbH<br \/>Mils Au 70<br \/>6493 Mils bei Imst<br \/>Tirol \u2013 \u00d6sterreich<\/p>\n<p>Tel.: + 43 5418 20877<br \/>Mail: <a href=\"mailto:info@huberwebmedia.at\">info@huberwebmedia.at<\/a><br \/>Web: <a href=\"http:\/\/www.huberwebmedia.at\">www.huberwebmedia.at<\/a><br \/>UID: ATU 77423049<\/p>\n<p>Photos: \u00a9 David Johansson &#8211; DAJOHA (Verlinkung zu www.dajoha.com)<\/p>\n<p><strong>Haftungsausschluss:<\/strong><\/p>\n<p>S\u00e4mtliche Inhalte wurden sorgf\u00e4ltig gepr\u00fcft. Dessen ungeachtet kann keine Garantie f\u00fcr Richtigkeit, Vollst\u00e4ndigkeit oder Aktualit\u00e4t der Angaben \u00fcbernommen werden. Haftungsanspr\u00fcche, die durch die Nutzung oder Nichtnutzung der dargebotenen Informationen bzw. durch die Nutzung fehlerhafter und unvollst\u00e4ndiger Informationen verursacht wurden, sind grunds\u00e4tzlich ausgeschlossen.<\/p>\n<p><strong>Haftungsausschluss f\u00fcr Links:<\/strong><\/p>\n<p>Unsere Webseite enth\u00e4lt Links zu externen Webseiten. Auf den Inhalt dieser externen Webseiten haben wir keinerlei Einfluss, deshalb k\u00f6nnen wir f\u00fcr diese fremden Inhalte auch keine Gew\u00e4hr \u00fcbernehmen. F\u00fcr die Inhalte der verlinkten Seiten ist stets der jeweilige Anbieter oder Betreiber der Seiten verantwortlich. Rechtswidrige Inhalte waren zum Zeitpunkt der Verlinkung nicht erkennbar.<\/p>\n<p><strong>Bildrechte:<\/strong><\/p>\n<p>Das auf dieser Internetseite dargestellte Bildmaterial ist urheberrechtlich gesch\u00fctzt und nicht bindend. \u00a9 Huber Web Media; TVB Seefeld: Stephan Elsler, StefanSchuetz.com, Ronny Kiaulehn, CUBE; \u00d6tztal Tourismus: Christoph Sch\u00f6ch, Charly Schwarz, Innsbruck Tourismus \/ Christof Lackner \u2013 Alle Rechte vorbehalten.<\/p>\n<p><strong>Urheberrechte:<\/strong><\/p>\n<p>S\u00e4mtliche Texte, Grafiken und Bilder sind urheberrechtlich gesch\u00fctzt. Eine Weiterverwendung ist nur mit entsprechender Genehmigung zul\u00e4ssig.<\/p>\n<p><strong>Zweck der Webseite:<\/strong><\/p>\n<p>Diese Webseite dient der Information \u00fcber Waren und Dienstleistungen des Unternehmens sowie der F\u00f6rderung des Absatzes derselben.<\/p>\n\t\t\t\t\t\t\t\t<\/div>\n\t\t\t\t<\/div>\n\t\t\t\t\t<\/div>\n\t\t<\/div>\n\t\t\t\t\t<\/div>\n\t\t<\/section>\n\t\t\t\t<\/div>\n\t\t","protected":false},"excerpt":{"rendered":"<p>Impressum &amp; Offenlegung Inhaber &amp; Betreiber der Webseite Hotel Sch\u00f6neggFamilie SchwennigerSpeckbacherstrasse 1746100 Seefeld in Tirol Tel.: +43 0 5212 2375Email:\u00a0info@hotelschoenegg.at Gesch\u00e4ftsleitung:\u00a0Martin SchwennigerUID: ATU50615106 Design, Programmierung &amp; Hosting: Huber Web Media GmbHMils Au 706493 Mils bei ImstTirol \u2013 \u00d6sterreich Tel.: + 43 5418 20877Mail: info@huberwebmedia.atWeb: www.huberwebmedia.atUID: ATU 77423049 Photos: \u00a9 David Johansson &#8211; DAJOHA (Verlinkung zu [&hellip;]<\/p>\n","protected":false},"author":3,"featured_media":0,"parent":0,"menu_order":14,"comment_status":"closed","ping_status":"closed","template":"","meta":{"footnotes":""},"class_list":["post-2175","page","type-page","status-publish","hentry"],"yoast_head":"<!-- This site is optimized with the Yoast SEO plugin v27.5 - https:\/\/yoast.com\/product\/yoast-seo-wordpress\/ -->\n<title>Hotel Sch\u00f6negg | Olympiaregion Seefeld, Tirol<\/title>\n<meta name=\"description\" content=\"L&#039;hotel a conduzione familiare \u00e8 situato in posizione ideale a Seefeld e rappresenta il punto di partenza ideale per praticare golf, sci di fondo, escursioni e molto altro ancora.\" \/>\n<meta name=\"robots\" content=\"index, follow, max-snippet:-1, max-image-preview:large, max-video-preview:-1\" \/>\n<link rel=\"canonical\" href=\"https:\/\/hotelschoenegg.at\/it\/impressum\/\" \/>\n<meta property=\"og:locale\" content=\"it_IT\" \/>\n<meta property=\"og:type\" content=\"article\" \/>\n<meta property=\"og:title\" content=\"Hotel Sch\u00f6negg | Olympiaregion Seefeld, Tirol\" \/>\n<meta property=\"og:description\" content=\"L&#039;hotel a conduzione familiare \u00e8 situato in posizione ideale a Seefeld e rappresenta il punto di partenza ideale per praticare golf, sci di fondo, escursioni e molto altro ancora.\" \/>\n<meta property=\"og:url\" content=\"https:\/\/hotelschoenegg.at\/it\/impressum\/\" \/>\n<meta property=\"og:site_name\" content=\"Hotel Sch\u00f6negg\" \/>\n<meta property=\"article:modified_time\" content=\"2026-01-31T14:26:30+00:00\" \/>\n<meta name=\"twitter:card\" content=\"summary_large_image\" \/>\n<meta name=\"twitter:label1\" content=\"Tempo di lettura stimato\" \/>\n\t<meta name=\"twitter:data1\" content=\"1 minuto\" \/>\n<script type=\"application\/ld+json\" class=\"yoast-schema-graph\">{\"@context\":\"https:\\\/\\\/schema.org\",\"@graph\":[{\"@type\":\"WebPage\",\"@id\":\"https:\\\/\\\/hotelschoenegg.at\\\/it\\\/impressum\\\/\",\"url\":\"https:\\\/\\\/hotelschoenegg.at\\\/it\\\/impressum\\\/\",\"name\":\"Hotel Sch\u00f6negg | Olympiaregion Seefeld, Tirol\",\"isPartOf\":{\"@id\":\"https:\\\/\\\/hotelschoenegg.at\\\/it\\\/#website\"},\"datePublished\":\"2021-11-26T07:24:49+00:00\",\"dateModified\":\"2026-01-31T14:26:30+00:00\",\"description\":\"L'hotel a conduzione familiare \u00e8 situato in posizione ideale a Seefeld e rappresenta il punto di partenza ideale per praticare golf, sci di fondo, escursioni e molto altro ancora.\",\"breadcrumb\":{\"@id\":\"https:\\\/\\\/hotelschoenegg.at\\\/it\\\/impressum\\\/#breadcrumb\"},\"inLanguage\":\"it-IT\",\"potentialAction\":[{\"@type\":\"ReadAction\",\"target\":[\"https:\\\/\\\/hotelschoenegg.at\\\/it\\\/impressum\\\/\"]}]},{\"@type\":\"BreadcrumbList\",\"@id\":\"https:\\\/\\\/hotelschoenegg.at\\\/it\\\/impressum\\\/#breadcrumb\",\"itemListElement\":[{\"@type\":\"ListItem\",\"position\":1,\"name\":\"Startseite\",\"item\":\"https:\\\/\\\/hotelschoenegg.at\\\/it\\\/\"},{\"@type\":\"ListItem\",\"position\":2,\"name\":\"Impressum\"}]},{\"@type\":\"WebSite\",\"@id\":\"https:\\\/\\\/hotelschoenegg.at\\\/it\\\/#website\",\"url\":\"https:\\\/\\\/hotelschoenegg.at\\\/it\\\/\",\"name\":\"Hotel Sch\u00f6negg\",\"description\":\"Famili\u00e4res Hotel in Seefeld\",\"potentialAction\":[{\"@type\":\"SearchAction\",\"target\":{\"@type\":\"EntryPoint\",\"urlTemplate\":\"https:\\\/\\\/hotelschoenegg.at\\\/it\\\/?s={search_term_string}\"},\"query-input\":{\"@type\":\"PropertyValueSpecification\",\"valueRequired\":true,\"valueName\":\"search_term_string\"}}],\"inLanguage\":\"it-IT\"}]}<\/script>\n<!-- \/ Yoast SEO plugin. -->","yoast_head_json":{"title":"Hotel Sch\u00f6negg | Olympiaregion Seefeld, Tirol","description":"L'hotel a conduzione familiare \u00e8 situato in posizione ideale a Seefeld e rappresenta il punto di partenza ideale per praticare golf, sci di fondo, escursioni e molto altro ancora.","robots":{"index":"index","follow":"follow","max-snippet":"max-snippet:-1","max-image-preview":"max-image-preview:large","max-video-preview":"max-video-preview:-1"},"canonical":"https:\/\/hotelschoenegg.at\/it\/impressum\/","og_locale":"it_IT","og_type":"article","og_title":"Hotel Sch\u00f6negg | Olympiaregion Seefeld, Tirol","og_description":"L'hotel a conduzione familiare \u00e8 situato in posizione ideale a Seefeld e rappresenta il punto di partenza ideale per praticare golf, sci di fondo, escursioni e molto altro ancora.","og_url":"https:\/\/hotelschoenegg.at\/it\/impressum\/","og_site_name":"Hotel Sch\u00f6negg","article_modified_time":"2026-01-31T14:26:30+00:00","twitter_card":"summary_large_image","twitter_misc":{"Tempo di lettura stimato":"1 minuto"},"schema":{"@context":"https:\/\/schema.org","@graph":[{"@type":"WebPage","@id":"https:\/\/hotelschoenegg.at\/it\/impressum\/","url":"https:\/\/hotelschoenegg.at\/it\/impressum\/","name":"Hotel Sch\u00f6negg | Olympiaregion Seefeld, Tirol","isPartOf":{"@id":"https:\/\/hotelschoenegg.at\/it\/#website"},"datePublished":"2021-11-26T07:24:49+00:00","dateModified":"2026-01-31T14:26:30+00:00","description":"L'hotel a conduzione familiare \u00e8 situato in posizione ideale a Seefeld e rappresenta il punto di partenza ideale per praticare golf, sci di fondo, escursioni e molto altro ancora.","breadcrumb":{"@id":"https:\/\/hotelschoenegg.at\/it\/impressum\/#breadcrumb"},"inLanguage":"it-IT","potentialAction":[{"@type":"ReadAction","target":["https:\/\/hotelschoenegg.at\/it\/impressum\/"]}]},{"@type":"BreadcrumbList","@id":"https:\/\/hotelschoenegg.at\/it\/impressum\/#breadcrumb","itemListElement":[{"@type":"ListItem","position":1,"name":"Startseite","item":"https:\/\/hotelschoenegg.at\/it\/"},{"@type":"ListItem","position":2,"name":"Impressum"}]},{"@type":"WebSite","@id":"https:\/\/hotelschoenegg.at\/it\/#website","url":"https:\/\/hotelschoenegg.at\/it\/","name":"Hotel Sch\u00f6negg","description":"Famili\u00e4res Hotel in Seefeld","potentialAction":[{"@type":"SearchAction","target":{"@type":"EntryPoint","urlTemplate":"https:\/\/hotelschoenegg.at\/it\/?s={search_term_string}"},"query-input":{"@type":"PropertyValueSpecification","valueRequired":true,"valueName":"search_term_string"}}],"inLanguage":"it-IT"}]}},"_links":{"self":[{"href":"https:\/\/hotelschoenegg.at\/it\/wp-json\/wp\/v2\/pages\/2175","targetHints":{"allow":["GET"]}}],"collection":[{"href":"https:\/\/hotelschoenegg.at\/it\/wp-json\/wp\/v2\/pages"}],"about":[{"href":"https:\/\/hotelschoenegg.at\/it\/wp-json\/wp\/v2\/types\/page"}],"author":[{"embeddable":true,"href":"https:\/\/hotelschoenegg.at\/it\/wp-json\/wp\/v2\/users\/3"}],"replies":[{"embeddable":true,"href":"https:\/\/hotelschoenegg.at\/it\/wp-json\/wp\/v2\/comments?post=2175"}],"version-history":[{"count":4,"href":"https:\/\/hotelschoenegg.at\/it\/wp-json\/wp\/v2\/pages\/2175\/revisions"}],"predecessor-version":[{"id":11486,"href":"https:\/\/hotelschoenegg.at\/it\/wp-json\/wp\/v2\/pages\/2175\/revisions\/11486"}],"wp:attachment":[{"href":"https:\/\/hotelschoenegg.at\/it\/wp-json\/wp\/v2\/media?parent=2175"}],"curies":[{"name":"wp","href":"https:\/\/api.w.org\/{rel}","templated":true}]}}