{"id":2058,"date":"2021-11-19T10:30:07","date_gmt":"2021-11-19T10:30:07","guid":{"rendered":"https:\/\/hotelschoenegg.at\/reserve\/"},"modified":"2025-02-12T11:13:58","modified_gmt":"2025-02-12T11:13:58","slug":"reserve","status":"publish","type":"page","link":"https:\/\/hotelschoenegg.at\/fr\/reserve\/","title":{"rendered":"r\u00e9serve"},"content":{"rendered":"\t\t<div data-elementor-type=\"wp-page\" data-elementor-id=\"2058\" class=\"elementor elementor-2058 elementor-31\" data-elementor-post-type=\"page\">\n\t\t\t\t\t\t<section class=\"elementor-section elementor-top-section elementor-element elementor-element-91a9af6 elementor-section-boxed elementor-section-height-default elementor-section-height-default\" data-id=\"91a9af6\" data-element_type=\"section\" data-e-type=\"section\">\n\t\t\t\t\t\t<div class=\"elementor-container elementor-column-gap-default\">\n\t\t\t\t\t<div class=\"elementor-column elementor-col-100 elementor-top-column elementor-element elementor-element-5aaf707\" data-id=\"5aaf707\" data-element_type=\"column\" data-e-type=\"column\">\n\t\t\t<div class=\"elementor-widget-wrap elementor-element-populated\">\n\t\t\t\t\t\t<div class=\"elementor-element elementor-element-721c0c6 elementor-widget elementor-widget-heading\" data-id=\"721c0c6\" data-element_type=\"widget\" data-e-type=\"widget\" data-widget_type=\"heading.default\">\n\t\t\t\t<div class=\"elementor-widget-container\">\n\t\t\t\t\t<h2 class=\"elementor-heading-title elementor-size-default\">R\u00e9servez maintenant et \u00e9conomisez<\/h2>\t\t\t\t<\/div>\n\t\t\t\t<\/div>\n\t\t\t\t\t<\/div>\n\t\t<\/div>\n\t\t\t\t\t<\/div>\n\t\t<\/section>\n\t\t\t\t<section class=\"elementor-section elementor-top-section elementor-element elementor-element-e12519b elementor-section-full_width elementor-section-height-default elementor-section-height-default\" data-id=\"e12519b\" data-element_type=\"section\" data-e-type=\"section\">\n\t\t\t\t\t\t<div class=\"elementor-container elementor-column-gap-default\">\n\t\t\t\t\t<div class=\"elementor-column elementor-col-100 elementor-top-column elementor-element elementor-element-399fe75\" data-id=\"399fe75\" data-element_type=\"column\" data-e-type=\"column\">\n\t\t\t<div class=\"elementor-widget-wrap elementor-element-populated\">\n\t\t\t\t\t\t<div class=\"elementor-element elementor-element-bd36aef elementor-widget elementor-widget-html\" data-id=\"bd36aef\" data-element_type=\"widget\" data-e-type=\"widget\" data-widget_type=\"html.default\">\n\t\t\t\t<div class=\"elementor-widget-container\">\n\t\t\t\t\t<script>\r\n\t\t\twindow.dw = window.dw || function () { (dw.q = dw.q || []).push(arguments) };\r\n\t\t\tdw(\r\n\t\t\t\t'settings',\r\n\t\t\t\t'08132a1d-99d8-4931-9574-126ea13e67c9',\r\n\t\t\t\t{\r\n\t\t\t\t\t\"context\": {\r\n\t\t\t\t\t\t\"serviceIds\": [],\r\n\t\t\t\t\t\t\"productIds\": []\r\n\t\t\t\t\t},\r\n\t\t\t\t\t\"lang\": 'fr'\r\n\t\t\t\t}\r\n\t\t\t);\r\n\t\t<\/script>\r\n\t\t<script async src=\"https:\/\/web5.deskline.net\/start\/ACCSEEFELD\/08132a1d-99d8-4931-9574-126ea13e67c9\/index.js\"><\/script>\t\t\t\t<\/div>\n\t\t\t\t<\/div>\n\t\t\t\t\t<\/div>\n\t\t<\/div>\n\t\t\t\t\t<\/div>\n\t\t<\/section>\n\t\t\t\t<\/div>\n\t\t","protected":false},"excerpt":{"rendered":"<p>R\u00e9servez maintenant et \u00e9conomisez<\/p>\n","protected":false},"author":3,"featured_media":0,"parent":0,"menu_order":12,"comment_status":"closed","ping_status":"closed","template":"","meta":{"footnotes":""},"class_list":["post-2058","page","type-page","status-publish","hentry"],"yoast_head":"<!-- This site is optimized with the Yoast SEO plugin v27.4 - https:\/\/yoast.com\/product\/yoast-seo-wordpress\/ -->\n<title>Hotel Sch\u00f6negg | r\u00e9serve | Region Seefeld, Tirol<\/title>\n<meta name=\"description\" content=\"L&#039;h\u00f4tel \u00e0 la gestion familiale b\u00e9n\u00e9ficie d&#039;un emplacement privil\u00e9gi\u00e9 au c\u0153ur de Seefeld et constitue le point de d\u00e9part id\u00e9al pour le golf, le ski de fond, la randonn\u00e9e et bien plus encore.\" \/>\n<meta name=\"robots\" content=\"index, follow, max-snippet:-1, max-image-preview:large, max-video-preview:-1\" \/>\n<link rel=\"canonical\" href=\"https:\/\/hotelschoenegg.at\/fr\/reserve\/\" \/>\n<meta property=\"og:locale\" content=\"fr_FR\" \/>\n<meta property=\"og:type\" content=\"article\" \/>\n<meta property=\"og:title\" content=\"Hotel Sch\u00f6negg | r\u00e9serve | Region Seefeld, Tirol\" \/>\n<meta property=\"og:description\" content=\"L&#039;h\u00f4tel \u00e0 la gestion familiale b\u00e9n\u00e9ficie d&#039;un emplacement privil\u00e9gi\u00e9 au c\u0153ur de Seefeld et constitue le point de d\u00e9part id\u00e9al pour le golf, le ski de fond, la randonn\u00e9e et bien plus encore.\" \/>\n<meta property=\"og:url\" content=\"https:\/\/hotelschoenegg.at\/fr\/reserve\/\" \/>\n<meta property=\"og:site_name\" content=\"Hotel Sch\u00f6negg\" \/>\n<meta property=\"article:modified_time\" content=\"2025-02-12T11:13:58+00:00\" \/>\n<meta name=\"twitter:card\" content=\"summary_large_image\" \/>\n<script type=\"application\/ld+json\" class=\"yoast-schema-graph\">{\"@context\":\"https:\\\/\\\/schema.org\",\"@graph\":[{\"@type\":\"WebPage\",\"@id\":\"https:\\\/\\\/hotelschoenegg.at\\\/fr\\\/reserve\\\/\",\"url\":\"https:\\\/\\\/hotelschoenegg.at\\\/fr\\\/reserve\\\/\",\"name\":\"Hotel Sch\u00f6negg | r\u00e9serve | Region Seefeld, Tirol\",\"isPartOf\":{\"@id\":\"https:\\\/\\\/hotelschoenegg.at\\\/fr\\\/#website\"},\"datePublished\":\"2021-11-19T10:30:07+00:00\",\"dateModified\":\"2025-02-12T11:13:58+00:00\",\"description\":\"L'h\u00f4tel \u00e0 la gestion familiale b\u00e9n\u00e9ficie d'un emplacement privil\u00e9gi\u00e9 au c\u0153ur de Seefeld et constitue le point de d\u00e9part id\u00e9al pour le golf, le ski de fond, la randonn\u00e9e et bien plus encore.\",\"breadcrumb\":{\"@id\":\"https:\\\/\\\/hotelschoenegg.at\\\/fr\\\/reserve\\\/#breadcrumb\"},\"inLanguage\":\"fr-FR\",\"potentialAction\":[{\"@type\":\"ReadAction\",\"target\":[\"https:\\\/\\\/hotelschoenegg.at\\\/fr\\\/reserve\\\/\"]}]},{\"@type\":\"BreadcrumbList\",\"@id\":\"https:\\\/\\\/hotelschoenegg.at\\\/fr\\\/reserve\\\/#breadcrumb\",\"itemListElement\":[{\"@type\":\"ListItem\",\"position\":1,\"name\":\"Startseite\",\"item\":\"https:\\\/\\\/hotelschoenegg.at\\\/fr\\\/\"},{\"@type\":\"ListItem\",\"position\":2,\"name\":\"r\u00e9serve\"}]},{\"@type\":\"WebSite\",\"@id\":\"https:\\\/\\\/hotelschoenegg.at\\\/fr\\\/#website\",\"url\":\"https:\\\/\\\/hotelschoenegg.at\\\/fr\\\/\",\"name\":\"Hotel Sch\u00f6negg\",\"description\":\"Famili\u00e4res Hotel in Seefeld\",\"potentialAction\":[{\"@type\":\"SearchAction\",\"target\":{\"@type\":\"EntryPoint\",\"urlTemplate\":\"https:\\\/\\\/hotelschoenegg.at\\\/fr\\\/?s={search_term_string}\"},\"query-input\":{\"@type\":\"PropertyValueSpecification\",\"valueRequired\":true,\"valueName\":\"search_term_string\"}}],\"inLanguage\":\"fr-FR\"}]}<\/script>\n<!-- \/ Yoast SEO plugin. -->","yoast_head_json":{"title":"Hotel Sch\u00f6negg | r\u00e9serve | Region Seefeld, Tirol","description":"L'h\u00f4tel \u00e0 la gestion familiale b\u00e9n\u00e9ficie d'un emplacement privil\u00e9gi\u00e9 au c\u0153ur de Seefeld et constitue le point de d\u00e9part id\u00e9al pour le golf, le ski de fond, la randonn\u00e9e et bien plus encore.","robots":{"index":"index","follow":"follow","max-snippet":"max-snippet:-1","max-image-preview":"max-image-preview:large","max-video-preview":"max-video-preview:-1"},"canonical":"https:\/\/hotelschoenegg.at\/fr\/reserve\/","og_locale":"fr_FR","og_type":"article","og_title":"Hotel Sch\u00f6negg | r\u00e9serve | Region Seefeld, Tirol","og_description":"L'h\u00f4tel \u00e0 la gestion familiale b\u00e9n\u00e9ficie d'un emplacement privil\u00e9gi\u00e9 au c\u0153ur de Seefeld et constitue le point de d\u00e9part id\u00e9al pour le golf, le ski de fond, la randonn\u00e9e et bien plus encore.","og_url":"https:\/\/hotelschoenegg.at\/fr\/reserve\/","og_site_name":"Hotel Sch\u00f6negg","article_modified_time":"2025-02-12T11:13:58+00:00","twitter_card":"summary_large_image","schema":{"@context":"https:\/\/schema.org","@graph":[{"@type":"WebPage","@id":"https:\/\/hotelschoenegg.at\/fr\/reserve\/","url":"https:\/\/hotelschoenegg.at\/fr\/reserve\/","name":"Hotel Sch\u00f6negg | r\u00e9serve | Region Seefeld, Tirol","isPartOf":{"@id":"https:\/\/hotelschoenegg.at\/fr\/#website"},"datePublished":"2021-11-19T10:30:07+00:00","dateModified":"2025-02-12T11:13:58+00:00","description":"L'h\u00f4tel \u00e0 la gestion familiale b\u00e9n\u00e9ficie d'un emplacement privil\u00e9gi\u00e9 au c\u0153ur de Seefeld et constitue le point de d\u00e9part id\u00e9al pour le golf, le ski de fond, la randonn\u00e9e et bien plus encore.","breadcrumb":{"@id":"https:\/\/hotelschoenegg.at\/fr\/reserve\/#breadcrumb"},"inLanguage":"fr-FR","potentialAction":[{"@type":"ReadAction","target":["https:\/\/hotelschoenegg.at\/fr\/reserve\/"]}]},{"@type":"BreadcrumbList","@id":"https:\/\/hotelschoenegg.at\/fr\/reserve\/#breadcrumb","itemListElement":[{"@type":"ListItem","position":1,"name":"Startseite","item":"https:\/\/hotelschoenegg.at\/fr\/"},{"@type":"ListItem","position":2,"name":"r\u00e9serve"}]},{"@type":"WebSite","@id":"https:\/\/hotelschoenegg.at\/fr\/#website","url":"https:\/\/hotelschoenegg.at\/fr\/","name":"Hotel Sch\u00f6negg","description":"Famili\u00e4res Hotel in Seefeld","potentialAction":[{"@type":"SearchAction","target":{"@type":"EntryPoint","urlTemplate":"https:\/\/hotelschoenegg.at\/fr\/?s={search_term_string}"},"query-input":{"@type":"PropertyValueSpecification","valueRequired":true,"valueName":"search_term_string"}}],"inLanguage":"fr-FR"}]}},"_links":{"self":[{"href":"https:\/\/hotelschoenegg.at\/fr\/wp-json\/wp\/v2\/pages\/2058","targetHints":{"allow":["GET"]}}],"collection":[{"href":"https:\/\/hotelschoenegg.at\/fr\/wp-json\/wp\/v2\/pages"}],"about":[{"href":"https:\/\/hotelschoenegg.at\/fr\/wp-json\/wp\/v2\/types\/page"}],"author":[{"embeddable":true,"href":"https:\/\/hotelschoenegg.at\/fr\/wp-json\/wp\/v2\/users\/3"}],"replies":[{"embeddable":true,"href":"https:\/\/hotelschoenegg.at\/fr\/wp-json\/wp\/v2\/comments?post=2058"}],"version-history":[{"count":1,"href":"https:\/\/hotelschoenegg.at\/fr\/wp-json\/wp\/v2\/pages\/2058\/revisions"}],"predecessor-version":[{"id":6784,"href":"https:\/\/hotelschoenegg.at\/fr\/wp-json\/wp\/v2\/pages\/2058\/revisions\/6784"}],"wp:attachment":[{"href":"https:\/\/hotelschoenegg.at\/fr\/wp-json\/wp\/v2\/media?parent=2058"}],"curies":[{"name":"wp","href":"https:\/\/api.w.org\/{rel}","templated":true}]}}