{"id":2056,"date":"2021-11-19T10:28:48","date_gmt":"2021-11-19T10:28:48","guid":{"rendered":"https:\/\/hotelschoenegg.at\/demandes\/"},"modified":"2021-12-01T15:27:01","modified_gmt":"2021-12-01T15:27:01","slug":"demandes","status":"publish","type":"page","link":"https:\/\/hotelschoenegg.at\/fr\/demandes\/","title":{"rendered":"Demandes"},"content":{"rendered":"\t\t<div data-elementor-type=\"wp-page\" data-elementor-id=\"2056\" class=\"elementor elementor-2056 elementor-29\" data-elementor-post-type=\"page\">\n\t\t\t\t\t\t<section class=\"elementor-section elementor-top-section elementor-element elementor-element-ab9f609 elementor-section-boxed elementor-section-height-default elementor-section-height-default\" data-id=\"ab9f609\" data-element_type=\"section\" data-e-type=\"section\">\n\t\t\t\t\t\t<div class=\"elementor-container elementor-column-gap-default\">\n\t\t\t\t\t<div class=\"elementor-column elementor-col-100 elementor-top-column elementor-element elementor-element-da7392a\" data-id=\"da7392a\" data-element_type=\"column\" data-e-type=\"column\">\n\t\t\t<div class=\"elementor-widget-wrap elementor-element-populated\">\n\t\t\t\t\t\t<div class=\"elementor-element elementor-element-5e0631d elementor-widget elementor-widget-heading\" data-id=\"5e0631d\" data-element_type=\"widget\" data-e-type=\"widget\" data-widget_type=\"heading.default\">\n\t\t\t\t<div class=\"elementor-widget-container\">\n\t\t\t\t\t<h2 class=\"elementor-heading-title elementor-size-default\">Renseignez-vous maintenant gratuitement<\/h2>\t\t\t\t<\/div>\n\t\t\t\t<\/div>\n\t\t\t\t\t<\/div>\n\t\t<\/div>\n\t\t\t\t\t<\/div>\n\t\t<\/section>\n\t\t\t\t<section class=\"elementor-section elementor-top-section elementor-element elementor-element-b939627 elementor-section-boxed elementor-section-height-default elementor-section-height-default\" data-id=\"b939627\" data-element_type=\"section\" data-e-type=\"section\">\n\t\t\t\t\t\t<div class=\"elementor-container elementor-column-gap-default\">\n\t\t\t\t\t<div class=\"elementor-column elementor-col-100 elementor-top-column elementor-element elementor-element-df3fe20\" data-id=\"df3fe20\" data-element_type=\"column\" data-e-type=\"column\">\n\t\t\t<div class=\"elementor-widget-wrap elementor-element-populated\">\n\t\t\t\t\t\t<div class=\"elementor-element elementor-element-38d0cc2 elementor-widget elementor-widget-html\" data-id=\"38d0cc2\" data-element_type=\"widget\" data-e-type=\"widget\" data-widget_type=\"html.default\">\n\t\t\t\t<div class=\"elementor-widget-container\">\n\t\t\t\t\t<div class=\"casa-wdg\" data-casa-widget-type=\"enquiry\" data-customer=\"AT_SEE_SCHOEN\" data-company=\"COMP1\" data-language=\"fr\"> \r\n    <div style=\"min-height:50px;text-align:center;\"> \r\n        <img decoding=\"async\" src=\"https:\/\/frontend.casablanca.at\/Content\/loader.svg\" alt=\"loading...\" width=\"40\" height=\"40\" style=\"margin:auto;\">\r\n        <noscript>Your browser doesn't support JavaScript or it has been disabled. To use the enquiry form, please make sure that javascript is enabled.<\/noscript>\r\n    <\/div>\r\n<\/div>\t\t\t\t<\/div>\n\t\t\t\t<\/div>\n\t\t\t\t\t<\/div>\n\t\t<\/div>\n\t\t\t\t\t<\/div>\n\t\t<\/section>\n\t\t\t\t<\/div>\n\t\t","protected":false},"excerpt":{"rendered":"<p>Renseignez-vous maintenant gratuitement Your browser doesn&rsquo;t support JavaScript or it has been disabled. To use the enquiry form, please make sure that javascript is enabled.<\/p>\n","protected":false},"author":3,"featured_media":0,"parent":0,"menu_order":11,"comment_status":"closed","ping_status":"closed","template":"","meta":{"footnotes":""},"class_list":["post-2056","page","type-page","status-publish","hentry"],"yoast_head":"<!-- This site is optimized with the Yoast SEO plugin v27.5 - https:\/\/yoast.com\/product\/yoast-seo-wordpress\/ -->\n<title>Hotel Sch\u00f6negg | Demandes | Olympiaregion Seefeld, Tirol<\/title>\n<meta name=\"description\" content=\"L&#039;h\u00f4tel \u00e0 la gestion familiale b\u00e9n\u00e9ficie d&#039;un emplacement privil\u00e9gi\u00e9 au c\u0153ur de Seefeld et constitue le point de d\u00e9part id\u00e9al pour le golf, le ski de fond, la randonn\u00e9e et bien plus encore.\" \/>\n<meta name=\"robots\" content=\"index, follow, max-snippet:-1, max-image-preview:large, max-video-preview:-1\" \/>\n<link rel=\"canonical\" href=\"https:\/\/hotelschoenegg.at\/fr\/demandes\/\" \/>\n<meta property=\"og:locale\" content=\"fr_FR\" \/>\n<meta property=\"og:type\" content=\"article\" \/>\n<meta property=\"og:title\" content=\"Hotel Sch\u00f6negg | Demandes | Olympiaregion Seefeld, Tirol\" \/>\n<meta property=\"og:description\" content=\"L&#039;h\u00f4tel \u00e0 la gestion familiale b\u00e9n\u00e9ficie d&#039;un emplacement privil\u00e9gi\u00e9 au c\u0153ur de Seefeld et constitue le point de d\u00e9part id\u00e9al pour le golf, le ski de fond, la randonn\u00e9e et bien plus encore.\" \/>\n<meta property=\"og:url\" content=\"https:\/\/hotelschoenegg.at\/fr\/demandes\/\" \/>\n<meta property=\"og:site_name\" content=\"Hotel Sch\u00f6negg\" \/>\n<meta property=\"article:modified_time\" content=\"2021-12-01T15:27:01+00:00\" \/>\n<meta property=\"og:image\" content=\"https:\/\/frontend.casablanca.at\/Content\/loader.svg\" \/>\n<meta name=\"twitter:card\" content=\"summary_large_image\" \/>\n<script type=\"application\/ld+json\" class=\"yoast-schema-graph\">{\"@context\":\"https:\\\/\\\/schema.org\",\"@graph\":[{\"@type\":\"WebPage\",\"@id\":\"https:\\\/\\\/hotelschoenegg.at\\\/fr\\\/demandes\\\/\",\"url\":\"https:\\\/\\\/hotelschoenegg.at\\\/fr\\\/demandes\\\/\",\"name\":\"Hotel Sch\u00f6negg | Demandes | Olympiaregion Seefeld, Tirol\",\"isPartOf\":{\"@id\":\"https:\\\/\\\/hotelschoenegg.at\\\/fr\\\/#website\"},\"primaryImageOfPage\":{\"@id\":\"https:\\\/\\\/hotelschoenegg.at\\\/fr\\\/demandes\\\/#primaryimage\"},\"image\":{\"@id\":\"https:\\\/\\\/hotelschoenegg.at\\\/fr\\\/demandes\\\/#primaryimage\"},\"thumbnailUrl\":\"https:\\\/\\\/frontend.casablanca.at\\\/Content\\\/loader.svg\",\"datePublished\":\"2021-11-19T10:28:48+00:00\",\"dateModified\":\"2021-12-01T15:27:01+00:00\",\"description\":\"L'h\u00f4tel \u00e0 la gestion familiale b\u00e9n\u00e9ficie d'un emplacement privil\u00e9gi\u00e9 au c\u0153ur de Seefeld et constitue le point de d\u00e9part id\u00e9al pour le golf, le ski de fond, la randonn\u00e9e et bien plus encore.\",\"breadcrumb\":{\"@id\":\"https:\\\/\\\/hotelschoenegg.at\\\/fr\\\/demandes\\\/#breadcrumb\"},\"inLanguage\":\"fr-FR\",\"potentialAction\":[{\"@type\":\"ReadAction\",\"target\":[\"https:\\\/\\\/hotelschoenegg.at\\\/fr\\\/demandes\\\/\"]}]},{\"@type\":\"ImageObject\",\"inLanguage\":\"fr-FR\",\"@id\":\"https:\\\/\\\/hotelschoenegg.at\\\/fr\\\/demandes\\\/#primaryimage\",\"url\":\"https:\\\/\\\/frontend.casablanca.at\\\/Content\\\/loader.svg\",\"contentUrl\":\"https:\\\/\\\/frontend.casablanca.at\\\/Content\\\/loader.svg\"},{\"@type\":\"BreadcrumbList\",\"@id\":\"https:\\\/\\\/hotelschoenegg.at\\\/fr\\\/demandes\\\/#breadcrumb\",\"itemListElement\":[{\"@type\":\"ListItem\",\"position\":1,\"name\":\"Startseite\",\"item\":\"https:\\\/\\\/hotelschoenegg.at\\\/fr\\\/\"},{\"@type\":\"ListItem\",\"position\":2,\"name\":\"Demandes\"}]},{\"@type\":\"WebSite\",\"@id\":\"https:\\\/\\\/hotelschoenegg.at\\\/fr\\\/#website\",\"url\":\"https:\\\/\\\/hotelschoenegg.at\\\/fr\\\/\",\"name\":\"Hotel Sch\u00f6negg\",\"description\":\"Famili\u00e4res Hotel in Seefeld\",\"potentialAction\":[{\"@type\":\"SearchAction\",\"target\":{\"@type\":\"EntryPoint\",\"urlTemplate\":\"https:\\\/\\\/hotelschoenegg.at\\\/fr\\\/?s={search_term_string}\"},\"query-input\":{\"@type\":\"PropertyValueSpecification\",\"valueRequired\":true,\"valueName\":\"search_term_string\"}}],\"inLanguage\":\"fr-FR\"}]}<\/script>\n<!-- \/ Yoast SEO plugin. -->","yoast_head_json":{"title":"Hotel Sch\u00f6negg | Demandes | Olympiaregion Seefeld, Tirol","description":"L'h\u00f4tel \u00e0 la gestion familiale b\u00e9n\u00e9ficie d'un emplacement privil\u00e9gi\u00e9 au c\u0153ur de Seefeld et constitue le point de d\u00e9part id\u00e9al pour le golf, le ski de fond, la randonn\u00e9e et bien plus encore.","robots":{"index":"index","follow":"follow","max-snippet":"max-snippet:-1","max-image-preview":"max-image-preview:large","max-video-preview":"max-video-preview:-1"},"canonical":"https:\/\/hotelschoenegg.at\/fr\/demandes\/","og_locale":"fr_FR","og_type":"article","og_title":"Hotel Sch\u00f6negg | Demandes | Olympiaregion Seefeld, Tirol","og_description":"L'h\u00f4tel \u00e0 la gestion familiale b\u00e9n\u00e9ficie d'un emplacement privil\u00e9gi\u00e9 au c\u0153ur de Seefeld et constitue le point de d\u00e9part id\u00e9al pour le golf, le ski de fond, la randonn\u00e9e et bien plus encore.","og_url":"https:\/\/hotelschoenegg.at\/fr\/demandes\/","og_site_name":"Hotel Sch\u00f6negg","article_modified_time":"2021-12-01T15:27:01+00:00","og_image":[{"url":"https:\/\/frontend.casablanca.at\/Content\/loader.svg","type":"","width":"","height":""}],"twitter_card":"summary_large_image","schema":{"@context":"https:\/\/schema.org","@graph":[{"@type":"WebPage","@id":"https:\/\/hotelschoenegg.at\/fr\/demandes\/","url":"https:\/\/hotelschoenegg.at\/fr\/demandes\/","name":"Hotel Sch\u00f6negg | Demandes | Olympiaregion Seefeld, Tirol","isPartOf":{"@id":"https:\/\/hotelschoenegg.at\/fr\/#website"},"primaryImageOfPage":{"@id":"https:\/\/hotelschoenegg.at\/fr\/demandes\/#primaryimage"},"image":{"@id":"https:\/\/hotelschoenegg.at\/fr\/demandes\/#primaryimage"},"thumbnailUrl":"https:\/\/frontend.casablanca.at\/Content\/loader.svg","datePublished":"2021-11-19T10:28:48+00:00","dateModified":"2021-12-01T15:27:01+00:00","description":"L'h\u00f4tel \u00e0 la gestion familiale b\u00e9n\u00e9ficie d'un emplacement privil\u00e9gi\u00e9 au c\u0153ur de Seefeld et constitue le point de d\u00e9part id\u00e9al pour le golf, le ski de fond, la randonn\u00e9e et bien plus encore.","breadcrumb":{"@id":"https:\/\/hotelschoenegg.at\/fr\/demandes\/#breadcrumb"},"inLanguage":"fr-FR","potentialAction":[{"@type":"ReadAction","target":["https:\/\/hotelschoenegg.at\/fr\/demandes\/"]}]},{"@type":"ImageObject","inLanguage":"fr-FR","@id":"https:\/\/hotelschoenegg.at\/fr\/demandes\/#primaryimage","url":"https:\/\/frontend.casablanca.at\/Content\/loader.svg","contentUrl":"https:\/\/frontend.casablanca.at\/Content\/loader.svg"},{"@type":"BreadcrumbList","@id":"https:\/\/hotelschoenegg.at\/fr\/demandes\/#breadcrumb","itemListElement":[{"@type":"ListItem","position":1,"name":"Startseite","item":"https:\/\/hotelschoenegg.at\/fr\/"},{"@type":"ListItem","position":2,"name":"Demandes"}]},{"@type":"WebSite","@id":"https:\/\/hotelschoenegg.at\/fr\/#website","url":"https:\/\/hotelschoenegg.at\/fr\/","name":"Hotel Sch\u00f6negg","description":"Famili\u00e4res Hotel in Seefeld","potentialAction":[{"@type":"SearchAction","target":{"@type":"EntryPoint","urlTemplate":"https:\/\/hotelschoenegg.at\/fr\/?s={search_term_string}"},"query-input":{"@type":"PropertyValueSpecification","valueRequired":true,"valueName":"search_term_string"}}],"inLanguage":"fr-FR"}]}},"_links":{"self":[{"href":"https:\/\/hotelschoenegg.at\/fr\/wp-json\/wp\/v2\/pages\/2056","targetHints":{"allow":["GET"]}}],"collection":[{"href":"https:\/\/hotelschoenegg.at\/fr\/wp-json\/wp\/v2\/pages"}],"about":[{"href":"https:\/\/hotelschoenegg.at\/fr\/wp-json\/wp\/v2\/types\/page"}],"author":[{"embeddable":true,"href":"https:\/\/hotelschoenegg.at\/fr\/wp-json\/wp\/v2\/users\/3"}],"replies":[{"embeddable":true,"href":"https:\/\/hotelschoenegg.at\/fr\/wp-json\/wp\/v2\/comments?post=2056"}],"version-history":[{"count":0,"href":"https:\/\/hotelschoenegg.at\/fr\/wp-json\/wp\/v2\/pages\/2056\/revisions"}],"wp:attachment":[{"href":"https:\/\/hotelschoenegg.at\/fr\/wp-json\/wp\/v2\/media?parent=2056"}],"curies":[{"name":"wp","href":"https:\/\/api.w.org\/{rel}","templated":true}]}}